{"id":9734,"date":"2021-04-15T15:32:03","date_gmt":"2021-04-15T15:32:03","guid":{"rendered":"http:\/\/cuatriaventura.co\/1\/?page_id=9734"},"modified":"2026-03-03T21:58:48","modified_gmt":"2026-03-03T21:58:48","slug":"decoracion-en-la-habitacion","status":"publish","type":"page","link":"https:\/\/cuatriaventura.co\/1\/?page_id=9734","title":{"rendered":"Experiencias Romanticas y Celebraciones Especiales"},"content":{"rendered":"<p>[vc_row][vc_column][vc_gallery type=&#8221;image_grid&#8221; images=&#8221;10404,10405,10406,10407&#8243; img_size=&#8221;250&#215;250&#8243;][vc_empty_space][\/vc_column][\/vc_row][vc_row][vc_column][vc_column_text]<\/p>\n<div class=\"vc_row wpb_row vc_row-fluid\">\n<div class=\"wpb_column vc_column_container vc_col-sm-12\">\n<div class=\"vc_column-inner\">\n<div class=\"wpb_wrapper\">\n<div class=\"wpb_text_column wpb_content_element \">\n<div class=\"wpb_wrapper\">\n<h2><span style=\"color: #333333;\"><strong>HOSPEDAJE CON CENA ROMANTICA<\/strong><\/span><\/h2>\n<\/div>\n<\/div>\n<\/div>\n<\/div>\n<\/div>\n<\/div>\n<div class=\"vc_row wpb_row vc_row-fluid\">\n<div class=\"wpb_column vc_column_container vc_col-sm-4\">\n<div class=\"vc_column-inner\">\n<div class=\"wpb_wrapper\">\n<div class=\"wpb_single_image wpb_content_element vc_align_left\">\n<figure class=\"wpb_wrapper vc_figure\"><a class=\"vc_single_image-wrapper vc_box_border_grey prettyphoto\" href=\"https:\/\/cuatriaventura.co\/1\/wp-content\/uploads\/2021\/05\/3565d884-62bd-4f56-9849-890acd229bfc-731x1024.jpg\" target=\"_self\" rel=\"noopener\" data-rel=\"prettyPhoto[rel-9659-1023675685]\"><img loading=\"lazy\" decoding=\"async\" class=\"vc_single_image-img attachment-full alignright\" src=\"https:\/\/cuatriaventura.co\/1\/wp-content\/uploads\/2021\/05\/3565d884-62bd-4f56-9849-890acd229bfc.jpg\" sizes=\"auto, (max-width: 914px) 100vw, 914px\" srcset=\"https:\/\/cuatriaventura.co\/1\/wp-content\/uploads\/2021\/05\/3565d884-62bd-4f56-9849-890acd229bfc.jpg 914w, https:\/\/cuatriaventura.co\/1\/wp-content\/uploads\/2021\/05\/3565d884-62bd-4f56-9849-890acd229bfc-214x300.jpg 214w, https:\/\/cuatriaventura.co\/1\/wp-content\/uploads\/2021\/05\/3565d884-62bd-4f56-9849-890acd229bfc-731x1024.jpg 731w, https:\/\/cuatriaventura.co\/1\/wp-content\/uploads\/2021\/05\/3565d884-62bd-4f56-9849-890acd229bfc-768x1076.jpg 768w\" alt=\"\" width=\"914\" height=\"1280\" \/><\/a><\/figure>\n<\/div>\n<\/div>\n<\/div>\n<\/div>\n<div class=\"wpb_column vc_column_container vc_col-sm-8\">\n<div class=\"vc_column-inner\">\n<div class=\"wpb_wrapper\">\n<div class=\"wpb_text_column wpb_content_element vc_custom_1678726739179\">\n<div class=\"wpb_wrapper\">\n<blockquote>\n<blockquote>\n<h3><strong>PAQUETE HOSPEDAJE CON CENA ROMANTICA\u00a0<\/strong><\/h3>\n<p>\u2013 hospedaje en Dedalos fly house para 2 personas<\/p>\n<p>\u2013 alimentaci\u00f3n completa para 2 personas<br \/>\n\u2022\u00a0&#x1f37d;cena especial con plato fuerte y bebida<br \/>\n\u2022desayuno<br \/>\n\u2022almuerzo<\/p>\n<p>\u2013 Decoraci\u00f3n opcion 1 : mesa con flores enredaderas colgando de la pared con luces c\u00e1lidas, candelabros, velitas y portaretrato.(enviar fotico)<\/p>\n<p>\u2013 Decoraci\u00f3n opcion 2 con globitos.<\/p>\n<p>Valor del paquete:\u00a0<strong>$450.000<\/strong><\/p>\n<p>&#x2705;\u00a0servicio adicional de cuatrimoto las mismas opciones de hospedaje con cena especial + 1 tour en cuatrimoto para 1 parejita<br \/>\n(1 moto)<\/p>\n<p>Valor del paquete :<strong> 650.000<\/strong><\/p>\n<p>con 2 motos:\u00a0<strong>860.000<\/strong><\/p>\n<p>&#x2705;\u00a0servicio adicional de parapente las mismas opciones de hospedaje con cena especial + 1 vuelo en parapente<\/p>\n<p>Valor del paquete:\u00a0<strong>600.000<\/strong><\/p>\n<p>Con 2 vuelos<\/p>\n<p>Valor del paquete :\u00a0<strong>750.000\u00a0<\/strong><\/p><\/blockquote>\n<\/blockquote>\n<\/div>\n<\/div>\n<\/div>\n<\/div>\n<\/div>\n<\/div>\n<p>[\/vc_column_text][vc_empty_space][\/vc_column][\/vc_row][vc_row][vc_column][vc_column_text]<\/p>\n<h2><span style=\"color: #333333;\">PAQUETE <strong>OCASI\u00d3N ESPECIAL <\/strong>CUATRIMOTO<\/span><\/h2>\n<h4><span style=\"color: #333333;\"><img loading=\"lazy\" decoding=\"async\" class=\"alignleft\" src=\"https:\/\/cuatriaventura.co\/1\/wp-content\/uploads\/2022\/06\/InShot_20220525_100346433-scaled.jpg\" width=\"367\" height=\"551\" \/><\/span><\/h4>\n<h4><span style=\"color: #333333;\">&#x2705;<strong>\u00a0<\/strong><strong>1 recorrido en cuatrimoto<\/strong>\u00a0(para 1 o 2 personas en una moto)<\/span><\/h4>\n<h4><span style=\"color: #333333;\">&#x2705;<strong>\u00a0<\/strong><strong>Decoraci\u00f3n\u00a0de mesa<\/strong> con globitos y cristales<\/span><\/h4>\n<h4><span style=\"color: #333333;\">&#x2705;<strong>\u00a0<\/strong><strong>2 Almuerzos<\/strong> men\u00fa del d\u00eda.<\/span><\/h4>\n<h3><span style=\"color: #333333;\"><strong>Valor del paquete $ 370.000<\/strong><\/span><\/h3>\n<p>&nbsp;<\/p>\n<hr \/>\n<h3><strong><span style=\"color: #333333;\">PAQUETE COMPARTIDO:<\/span><\/strong><br \/>\n<span style=\"color: #333333;\">las mismas opciones + 1 cuatrimoto adicional<\/span><\/h3>\n<h3><span style=\"color: #333333;\"><strong>Valor del paquete: 580.000<\/strong><\/span><\/h3>\n<h3><span style=\"color: #333333;\">NOTA\u00a0este paquete es para la recepci\u00f3n de 2 personas.<\/span><br \/>\n<span style=\"color: #333333;\">Si son m\u00e1s de 2 personas la decoraci\u00f3n cambiar\u00eda de locaci\u00f3n y de dise\u00f1o. ( se realizar\u00eda en la parte del restaurante)<\/span><\/h3>\n<p>[\/vc_column_text][vc_empty_space][\/vc_column][\/vc_row][vc_row][vc_column][vc_empty_space][vc_column_text]<\/p>\n<div class=\"vc_row wpb_row vc_row-fluid\">\n<div class=\"wpb_column vc_column_container vc_col-sm-12\">\n<div class=\"vc_column-inner\">\n<div class=\"wpb_wrapper\">\n<div class=\"wpb_text_column wpb_content_element \">\n<div class=\"wpb_wrapper\">\n<h2><span style=\"color: #333333;\"><strong>PAQUETE OCASI\u00d3N ESPECIAL PARAPENTE<\/strong><\/span><\/h2>\n<\/div>\n<\/div>\n<\/div>\n<\/div>\n<\/div>\n<\/div>\n<div class=\"vc_row wpb_row vc_row-fluid\">\n<div class=\"wpb_column vc_column_container vc_col-sm-4\">\n<div class=\"vc_column-inner\">\n<div class=\"wpb_wrapper\">\n<div class=\"wpb_single_image wpb_content_element vc_align_left\">\n<figure class=\"wpb_wrapper vc_figure\">\n<div class=\"vc_single_image-wrapper vc_box_border_grey\"><span style=\"color: #333333;\"><img loading=\"lazy\" decoding=\"async\" class=\"vc_single_image-img attachment-full\" src=\"https:\/\/cuatriaventura.co\/1\/wp-content\/uploads\/2022\/06\/InShot_20220525_111141172-scaled.jpg\" sizes=\"auto, (max-width: 1707px) 100vw, 1707px\" srcset=\"https:\/\/cuatriaventura.co\/1\/wp-content\/uploads\/2022\/06\/InShot_20220525_111141172-scaled.jpg 1707w, https:\/\/cuatriaventura.co\/1\/wp-content\/uploads\/2022\/06\/InShot_20220525_111141172-200x300.jpg 200w, https:\/\/cuatriaventura.co\/1\/wp-content\/uploads\/2022\/06\/InShot_20220525_111141172-683x1024.jpg 683w, https:\/\/cuatriaventura.co\/1\/wp-content\/uploads\/2022\/06\/InShot_20220525_111141172-768x1152.jpg 768w, https:\/\/cuatriaventura.co\/1\/wp-content\/uploads\/2022\/06\/InShot_20220525_111141172-1024x1536.jpg 1024w, https:\/\/cuatriaventura.co\/1\/wp-content\/uploads\/2022\/06\/InShot_20220525_111141172-1365x2048.jpg 1365w\" alt=\"\" width=\"1707\" height=\"2560\" \/><\/span><\/div>\n<\/figure>\n<\/div>\n<\/div>\n<\/div>\n<\/div>\n<div class=\"wpb_column vc_column_container vc_col-sm-8\">\n<div class=\"vc_column-inner\">\n<div class=\"wpb_wrapper\">\n<div class=\"wpb_text_column wpb_content_element vc_custom_1678725792216\">\n<div class=\"wpb_wrapper\">\n<h4><span style=\"color: #333333;\"><strong>PAQUETE CUMPLEA\u00d1ERO Y ENAMORADOS\u00a0&#x1f38a;&#x1f382;&#x1f388;<\/strong><\/span><\/h4>\n<h4><span style=\"color: #333333;\">&#x2705;<strong>\u00a01 vuelo en parapente<\/strong>\u00a0(para 1 persona con instructor)<\/span><br \/>\n<span style=\"color: #333333;\">&#x2705;<strong>\u00a0Letrero<\/strong>\u00a0gigante en la zona de aterrizaje (m\u00e1ximo 20 letras)<\/span><br \/>\n<span style=\"color: #333333;\">&#x2705;<strong>\u00a0Decoraci\u00f3n<\/strong>\u00a0de mesa con globitos y cristales<\/span><br \/>\n<span style=\"color: #333333;\">&#x2705;\u00a02 Almuerzos Men\u00fa del d\u00eda<\/span><\/h4>\n<h3><span style=\"color: #333333;\"><em><strong>Valor del paquete<\/strong><\/em><strong> $385.000<\/strong><\/span><\/h3>\n<p>&nbsp;<\/p>\n<hr \/>\n<h3><span style=\"color: #333333;\"><strong>PAQUETE COMPARTIDO<\/strong> (incluye los mismos servicios + 1 vuelo adicional)<\/span><\/h3>\n<h3><span style=\"color: #333333;\"><strong>Valor del Paquete $540.000 Pesos<\/strong><\/span><\/h3>\n<h3><span style=\"color: #333333;\"><strong>NOTA<\/strong>\u00a0este paquete es para la recepci\u00f3n de 2 personas.<\/span><br \/>\n<span style=\"color: #333333;\">Si son m\u00e1s de 2 personas la decoraci\u00f3n cambiar\u00eda de locaci\u00f3n y de dise\u00f1o. ( se realizar\u00eda en la parte del restaurante)<\/span><\/h3>\n<\/div>\n<\/div>\n<\/div>\n<\/div>\n<\/div>\n<\/div>\n<p>[\/vc_column_text][vc_empty_space][\/vc_column][\/vc_row][vc_row full_width=&#8221;stretch_row&#8221; bg_type=&#8221;image&#8221; parallax_style=&#8221;vcpb-vz-jquery&#8221; bg_image_new=&#8221;id^9621|url^http:\/\/cuatriaventura.co\/1\/wp-content\/uploads\/2021\/04\/blackout-1.png|caption^null|alt^null|title^blackout|description^null&#8221; css=&#8221;.vc_custom_1618419942437{padding-top: 100px !important;padding-bottom: 100px !important;}&#8221; animation_type=&#8221;h&#8221; horizontal_animation=&#8221;left-animation&#8221; vertical_animation=&#8221;top-animation&#8221; disable_on_mobile=&#8221;disable_on_mobile_value&#8221;][vc_column width=&#8221;1\/6&#8243;][\/vc_column][vc_column css_animation=&#8221;slideInUp&#8221; width=&#8221;2\/3&#8243;]<div class=\"ult-animation  ult-animate-viewport  ult-no-mobile \" data-animate=\"pulse\" data-animation-delay=\"0.5\" data-animation-duration=\"0.5\" data-animation-iteration=\"1\" style=\"opacity:0;\" data-opacity_start_effect=\"\"><div id=\"ultimate-heading-242769f7048b46f7c\" class=\"uvc-heading ult-adjust-bottom-margin ultimate-heading-242769f7048b46f7c uvc-8968 \" data-hspacer=\"line_only\"  data-halign=\"center\" style=\"text-align:center\"><div class=\"uvc-main-heading ult-responsive\"  data-ultimate-target='.uvc-heading.ultimate-heading-242769f7048b46f7c h2'  data-responsive-json-new='{\"font-size\":\"desktop:14px;\",\"line-height\":\"\"}' ><h2 style=\"font-family:&#039;Open Sans&#039;;font-weight:normal;font-style:normal;color:#ffffff;\">INFORMACI\u00d3N DE CONTACTO<\/h2><\/div><div class=\"uvc-heading-spacer line_only\" style=\"margin-top:10px;margin-bottom:10px;height:2px;\"><span class=\"uvc-headings-line\" style=\"border-style:solid;border-bottom-width:2px;border-color:#eaeaea;width:90px;\"><\/span><\/div><div class=\"uvc-sub-heading ult-responsive\"  data-ultimate-target='.uvc-heading.ultimate-heading-242769f7048b46f7c .uvc-sub-heading '  data-responsive-json-new='{\"font-size\":\"desktop:36px;\",\"line-height\":\"\"}'  style=\"font-family:&#039;Open Sans&#039;;font-weight:700;color:#ffffff;\">\u00a1CONECTATE CON CUATRIAVENTURA!<\/div><\/div><div class=\"ult-spacer spacer-69f7048b47053\" data-id=\"69f7048b47053\" data-height=\"35\" data-height-mobile=\"35\" data-height-tab=\"35\" data-height-tab-portrait=\"\" data-height-mobile-landscape=\"\" style=\"clear:both;display:block;\"><\/div><\/div>[vc_row_inner][vc_column_inner width=&#8221;1\/3&#8243;]<div class=\"ult-animation  ult-animate-viewport  ult-no-mobile \" data-animate=\"pulse\" data-animation-delay=\"0.2\" data-animation-duration=\"0.7\" data-animation-iteration=\"3\" style=\"opacity:0;\" data-opacity_start_effect=\"\"><div class=\"ult-just-icon-wrapper  \"><div class=\"align-icon\" style=\"text-align:center;\">\n<a class=\"aio-tooltip 69f7048b470a7\" href=\"#\"  data-toggle=\"tooltip\" data-placement=\"\"><div class=\"aio-icon none \" data-animation=\"pulse\" data-animation-delay=\"03\" style=\"color:#ffffff;font-size:60px;display:inline-block;\">\n\t<i class=\"Defaults-envelope\"><\/i>\n<\/div><\/a><\/div><\/div><div id=\"ultimate-heading-998269f7048b470d8\" class=\"uvc-heading ult-adjust-bottom-margin ultimate-heading-998269f7048b470d8 uvc-6751 \" data-hspacer=\"no_spacer\"  data-halign=\"center\" style=\"text-align:center\"><div class=\"uvc-heading-spacer no_spacer\" style=\"top\"><\/div><div class=\"uvc-main-heading ult-responsive\"  data-ultimate-target='.uvc-heading.ultimate-heading-998269f7048b470d8 h2'  data-responsive-json-new='{\"font-size\":\"desktop:16px;\",\"line-height\":\"\"}' ><h2 style=\"font-family:&#039;Open Sans&#039;;font-weight:700;color:#ffffff;margin-top:20px;margin-bottom:15px;\">contacto@cuatriaventura.co<\/h2><\/div><div class=\"uvc-sub-heading ult-responsive\"  data-ultimate-target='.uvc-heading.ultimate-heading-998269f7048b470d8 .uvc-sub-heading '  data-responsive-json-new='{\"font-size\":\"desktop:17px;\",\"line-height\":\"\"}'  style=\"font-family:&#039;Open Sans&#039;;font-weight:300;color:#ffffff;margin-top:15px;margin-bottom:20px;\">Correo Electr\u00f3nico<\/div><\/div><\/div>[\/vc_column_inner][vc_column_inner width=&#8221;1\/3&#8243;]<div class=\"ult-animation  ult-animate-viewport  ult-no-mobile \" data-animate=\"pulse\" data-animation-delay=\"0.2\" data-animation-duration=\"0.7\" data-animation-iteration=\"3\" style=\"opacity:0;\" data-opacity_start_effect=\"\"><div class=\"ult-just-icon-wrapper  \"><div class=\"align-icon\" style=\"text-align:center;\">\n<a class=\"aio-tooltip 69f7048b47230\" href=\"#\"  data-toggle=\"tooltip\" data-placement=\"\"><div class=\"aio-icon none \" data-animation=\"pulse\" data-animation-delay=\"03\" style=\"color:#ffffff;font-size:60px;display:inline-block;\">\n\t<i class=\"Defaults-tablet\"><\/i>\n<\/div><\/a><\/div><\/div><div id=\"ultimate-heading-597269f7048b47251\" class=\"uvc-heading ult-adjust-bottom-margin ultimate-heading-597269f7048b47251 uvc-3775 \" data-hspacer=\"no_spacer\"  data-halign=\"center\" style=\"text-align:center\"><div class=\"uvc-heading-spacer no_spacer\" style=\"top\"><\/div><div class=\"uvc-main-heading ult-responsive\"  data-ultimate-target='.uvc-heading.ultimate-heading-597269f7048b47251 h2'  data-responsive-json-new='{\"font-size\":\"desktop:16px;\",\"line-height\":\"\"}' ><h2 style=\"font-family:&#039;Open Sans&#039;;font-weight:700;color:#ffffff;margin-top:20px;margin-bottom:15px;\">+57 323 5062036<\/h2><\/div><div class=\"uvc-sub-heading ult-responsive\"  data-ultimate-target='.uvc-heading.ultimate-heading-597269f7048b47251 .uvc-sub-heading '  data-responsive-json-new='{\"font-size\":\"desktop:17px;\",\"line-height\":\"\"}'  style=\"font-family:&#039;Open Sans&#039;;font-weight:300;color:#ffffff;margin-top:15px;margin-bottom:20px;\">T\u00e9lefono<\/div><\/div><\/div>[\/vc_column_inner][vc_column_inner width=&#8221;1\/3&#8243;]<div class=\"ult-animation  ult-animate-viewport  ult-no-mobile \" data-animate=\"pulse\" data-animation-delay=\"0.2\" data-animation-duration=\"0.7\" data-animation-iteration=\"3\" style=\"opacity:0;\" data-opacity_start_effect=\"\"><div class=\"ult-just-icon-wrapper  \"><div class=\"align-icon\" style=\"text-align:center;\">\n<a class=\"aio-tooltip 69f7048b472c6\" href=\"#\"  data-toggle=\"tooltip\" data-placement=\"\"><div class=\"aio-icon none \" data-animation=\"pulse\" data-animation-delay=\"03\" style=\"color:#ffffff;font-size:60px;display:inline-block;\">\n\t<i class=\"Defaults-bank institution university\"><\/i>\n<\/div><\/a><\/div><\/div><div id=\"ultimate-heading-16869f7048b472e5\" class=\"uvc-heading ult-adjust-bottom-margin ultimate-heading-16869f7048b472e5 uvc-502 \" data-hspacer=\"no_spacer\"  data-halign=\"center\" style=\"text-align:center\"><div class=\"uvc-heading-spacer no_spacer\" style=\"top\"><\/div><div class=\"uvc-main-heading ult-responsive\"  data-ultimate-target='.uvc-heading.ultimate-heading-16869f7048b472e5 h2'  data-responsive-json-new='{\"font-size\":\"desktop:16px;\",\"line-height\":\"\"}' ><h2 style=\"font-family:&#039;Open Sans&#039;;font-weight:700;color:#ffffff;margin-top:20px;margin-bottom:15px;\">Pomo, Cerrito a 2 km de la Hacienda el Para\u00edso<\/h2><\/div><div class=\"uvc-sub-heading ult-responsive\"  data-ultimate-target='.uvc-heading.ultimate-heading-16869f7048b472e5 .uvc-sub-heading '  data-responsive-json-new='{\"font-size\":\"desktop:17px;\",\"line-height\":\"\"}'  style=\"font-family:&#039;Open Sans&#039;;font-weight:300;color:#ffffff;margin-top:15px;margin-bottom:20px;\">Ubicaci\u00f3n<\/div><\/div><\/div>[\/vc_column_inner][\/vc_row_inner][\/vc_column][vc_column width=&#8221;1\/6&#8243;][\/vc_column][\/vc_row][vc_row][vc_column offset=&#8221;vc_hidden-lg vc_hidden-md vc_hidden-sm vc_hidden-xs&#8221;][vc_column_text]<\/p>\n<h1><span style=\"color: #333333;\">AQU\u00cd ESTAMOS (<a href=\"https:\/\/www.google.com\/maps\/place\/Restaurante+Dedalos+-+Sede+Good+Fly+Parapente\/@3.6239201,-76.202555,15z\/data=!4m5!3m4!1s0x0:0x73442382279b3fde!8m2!3d3.6234782!4d-76.194402?hl=es-419\">clic aqu\u00ed para ampliar<\/a>)<\/span><\/h1>\n<p>[\/vc_column_text][vc_gmaps link=&#8221;#E-8_JTNDaWZyYW1lJTIwc3JjJTNEJTIyaHR0cHMlM0ElMkYlMkZ3d3cuZ29vZ2xlLmNvbSUyRm1hcHMlMkZlbWJlZCUzRnBiJTNEJTIxMW0xNCUyMTFtOCUyMTFtMyUyMTFkMzE4NTQuNzM1OTQ1MTYwOTM3JTIxMmQtNzYuMjExOTUzODI5NjUyNjclMjEzZDMuNjIzNTU1NTk5OTk5OTg5OCUyMTNtMiUyMTFpMTAyNCUyMTJpNzY4JTIxNGYxMy4xJTIxM20zJTIxMW0yJTIxMXMweDAlMjUzQTB4MCUyMTJ6TThLd016Y25NalF1T0NKT0lEYzJ3ckF4TVNjME1DNHdJbGMlMjE1ZTAlMjEzbTIlMjExc2VzLTQxOSUyMTJzY28lMjE0djE2MTg0NTM4MzE0MzglMjE1bTIlMjExc2VzLTQxOSUyMTJzY28lMjIlMjB3aWR0aCUzRCUyMjYwMCUyMiUyMGhlaWdodCUzRCUyMjQ1MCUyMiUyMHN0eWxlJTNEJTIyYm9yZGVyJTNBMCUzQiUyMiUyMGFsbG93ZnVsbHNjcmVlbiUzRCUyMiUyMiUyMGxvYWRpbmclM0QlMjJsYXp5JTIyJTNFJTNDJTJGaWZyYW1lJTNF&#8221; size=&#8221;300px&#8221; css_animation=&#8221;appear&#8221;][\/vc_column][\/vc_row]<\/p>\n","protected":false},"excerpt":{"rendered":"<p>[vc_row][vc_column][vc_gallery type=&#8221;image_grid&#8221; images=&#8221;10404,10405,10406,10407&#8243; img_size=&#8221;250&#215;250&#8243;][vc_empty_space][\/vc_column][\/vc_row][vc_row][vc_column][vc_column_text] HOSPEDAJE CON CENA ROMANTICA PAQUETE HOSPEDAJE CON CENA ROMANTICA\u00a0 \u2013 hospedaje en Dedalos fly house para 2 personas \u2013 alimentaci\u00f3n completa para 2 personas \u2022\u00a0&#x1f37d;cena especial con plato fuerte y bebida \u2022desayuno \u2022almuerzo \u2013 Decoraci\u00f3n opcion 1 : mesa con flores enredaderas colgando de la pared con luces c\u00e1lidas, candelabros, velitas [&hellip;]<\/p>\n","protected":false},"author":1,"featured_media":0,"parent":0,"menu_order":0,"comment_status":"closed","ping_status":"closed","template":"","meta":{"footnotes":""},"class_list":["post-9734","page","type-page","status-publish","hentry"],"_links":{"self":[{"href":"https:\/\/cuatriaventura.co\/1\/index.php?rest_route=\/wp\/v2\/pages\/9734","targetHints":{"allow":["GET"]}}],"collection":[{"href":"https:\/\/cuatriaventura.co\/1\/index.php?rest_route=\/wp\/v2\/pages"}],"about":[{"href":"https:\/\/cuatriaventura.co\/1\/index.php?rest_route=\/wp\/v2\/types\/page"}],"author":[{"embeddable":true,"href":"https:\/\/cuatriaventura.co\/1\/index.php?rest_route=\/wp\/v2\/users\/1"}],"replies":[{"embeddable":true,"href":"https:\/\/cuatriaventura.co\/1\/index.php?rest_route=%2Fwp%2Fv2%2Fcomments&post=9734"}],"version-history":[{"count":47,"href":"https:\/\/cuatriaventura.co\/1\/index.php?rest_route=\/wp\/v2\/pages\/9734\/revisions"}],"predecessor-version":[{"id":10551,"href":"https:\/\/cuatriaventura.co\/1\/index.php?rest_route=\/wp\/v2\/pages\/9734\/revisions\/10551"}],"wp:attachment":[{"href":"https:\/\/cuatriaventura.co\/1\/index.php?rest_route=%2Fwp%2Fv2%2Fmedia&parent=9734"}],"curies":[{"name":"wp","href":"https:\/\/api.w.org\/{rel}","templated":true}]}}