{"id":9659,"date":"2021-04-15T03:52:44","date_gmt":"2021-04-15T03:52:44","guid":{"rendered":"http:\/\/cuatriaventura.co\/1\/?page_id=9659"},"modified":"2023-05-24T13:47:26","modified_gmt":"2023-05-24T13:47:26","slug":"hospedaje","status":"publish","type":"page","link":"https:\/\/cuatriaventura.co\/1\/?page_id=9659","title":{"rendered":"Hospedaje"},"content":{"rendered":"<p>[vc_row][vc_column][vc_gallery type=&#8221;image_grid&#8221; images=&#8221;9674,9673,9672,9671,9670,9669,9668,9665,9664,9663,9662,9661,10396,10395&#8243; img_size=&#8221;160&#215;165&#8243;][\/vc_column][\/vc_row][vc_row][vc_column][vc_column_text]<\/p>\n<h3><span style=\"color: #333333;\">Es una escapada perfecta a una vida campestre, para explorar nuevos estilos de vida y sentir nuevas experiencias.<\/span><\/h3>\n<h3><span style=\"color: #333333;\">Un ambiente rodeado de naturaleza y tranquilidad, con vista al valle y una pista de aterrizaje de viajes en parapente que lo hacen un lugar \u00fanico y lleno de experiencias.<\/span><\/h3>\n<h3><span style=\"color: #333333;\">En este acogedor hospedaje, podr\u00e1s encontrar habitaciones semi rusticas, \u00e1reas comunes completamente abiertas, piscina privada y un balc\u00f3n al aire libre que brinda otro espacio para ver el sol caer hacia el valle , en el podr\u00e1s tener una cena rom\u00e1ntica con luces c\u00e1lidas o disfrutar solamente de un incre\u00edble atardecer!<\/span><br \/>\n<span style=\"color: #333333;\">Cada espacio y alrededores de la casa del vuelo te proporcionar\u00e1 recuerdos y experiencias que durar\u00e1n toda la vida!<\/span><\/h3>\n<h3><span style=\"color: #333333;\">El Servicio Incluye<\/span><\/h3>\n<h3><span style=\"color: #333333;\">&#x2705; Parqueadero Privado<\/span><br \/>\n<span style=\"color: #333333;\">&#x2705;Uso de las Instalaciones y zonas verdes<\/span><br \/>\n<span style=\"color: #333333;\">&#x2705; Uso de la Piscina y zonas Humedas<\/span><br \/>\n<span style=\"color: #333333;\">&#x2705; WiFi<\/span><br \/>\n<span style=\"color: #333333;\">&#x2705; Seguro de Estadia x seguros Magenta.<\/span><\/h3>\n<h3><span style=\"color: #333333;\">\u00a0<strong>Chekk In (ingreso)<\/strong> apartir de las 2 pm<\/span><br \/>\n<span style=\"color: #333333;\"><strong>\u00a0Chek Out (salida)<\/strong> hasta la 1 pm del \u00faltimo dia.<\/span><\/h3>\n<p><span style=\"color: #333333;\">Nota :Una vez entregues la habitaci\u00f3n puedes seguir haciendo uso de las instalaciones.<\/span>[\/vc_column_text][\/vc_column][\/vc_row][vc_row][vc_column][vc_column_text]<\/p>\n<h1><span style=\"color: #333333;\"><strong>TARIFAS<\/strong><\/span><\/h1>\n<p>[\/vc_column_text][\/vc_column][\/vc_row][vc_row][vc_column width=&#8221;1\/2&#8243;][vc_column_text css=&#8221;.vc_custom_1678726249618{background-color: #f2f2f2 !important;}&#8221;]<\/p>\n<blockquote>\n<h1><span style=\"color: #ff6600;\">Tarifa por Persona:<\/span><\/h1>\n<\/blockquote>\n<hr \/>\n<h2>\u2022 Con desayuno <span style=\"color: #000000;\">$95.000 Pesos.<\/span><br \/>\n\u2022 Con Alimentaci\u00f3n ( Desayuno, almuerzo y comida): <span style=\"color: #000000;\">$130.000 Pesos.<\/span><\/h2>\n<p>[\/vc_column_text][vc_single_image image=&#8221;9673&#8243; img_size=&#8221;500&#215;380&#8243;][\/vc_column][vc_column width=&#8221;1\/2&#8243;][vc_column_text css=&#8221;.vc_custom_1678726267666{background-color: #f2f2f2 !important;}&#8221;]<\/p>\n<blockquote>\n<h1><span style=\"color: #ff6600;\">Tarifa por Pareja (2 Personas):<\/span><\/h1>\n<\/blockquote>\n<hr \/>\n<h2>\u2022 Con Alimentaci\u00f3n (Desayuno , almuerzo y Comida): <span style=\"color: #000000;\">$260.000 Pesos<\/span><br \/>\n\u2022 Solo con Desayuno : <span style=\"color: #000000;\">$190.000 Pesos<\/span><\/h2>\n<p>[\/vc_column_text][vc_single_image image=&#8221;9669&#8243; img_size=&#8221;full&#8221;][\/vc_column][\/vc_row][vc_row][vc_column][vc_column_text]<\/p>\n<h1><span style=\"color: #333333;\"><strong>RESERVA YA<\/strong><\/span><\/h1>\n<p>[\/vc_column_text][\/vc_column][\/vc_row][vc_row][vc_column width=&#8221;1\/2&#8243;][vc_column_text css=&#8221;.vc_custom_1621388607352{background-color: #f2f2f2 !important;}&#8221;]<\/p>\n<blockquote>\n<blockquote>\n<h3><span style=\"color: #ffff00;\">&#x1f5d3; <span style=\"color: #ff6600;\">PROCESO DE RESERVA:<\/span><\/span><br \/>\nPara garantizar la reserva se debe cancelar el 100% de la primera noche de alojamiento o el 50% del paquete completo que adquieras a nuestra cuenta bancolombia.<\/h3>\n<h3><span style=\"color: #333333;\">&#x1f4b3;\u00a0N\u00famero de cuenta :<\/span><br \/>\n<span style=\"color: #333333;\">18546157829<\/span><br \/>\n<strong><span style=\"color: #333333;\">Ahorros \u2013 bancolombia<\/span><\/strong><br \/>\n<strong><span style=\"color: #333333;\">CC.1007544278<\/span><\/strong><br \/>\n<span style=\"color: #333333;\">Diana Sof\u00eda Rodriguez<\/span><br \/>\n<em><span style=\"color: #333333;\">Nos env\u00edas una foto del comprobante y listo!<\/span><\/em><br \/>\n<span style=\"color: #333333;\"><em>Te enviamos un pasabordo donde encontrar\u00e1s<\/em> toda la informaci\u00f3n que debes tener en cuanta.<\/span><\/h3>\n<\/blockquote>\n<\/blockquote>\n<p>[\/vc_column_text][\/vc_column][vc_column width=&#8221;1\/2&#8243;][vc_column_text css=&#8221;.vc_custom_1621388535949{background-color: #f2f2f2 !important;}&#8221;]<\/p>\n<blockquote>\n<blockquote>\n<blockquote>\n<h3><span style=\"color: #333333;\">&#x1fa82; <\/span><span style=\"color: #ff6600;\">QUE MAS HAY PA\u2019 HACER:<\/span><br \/>\n<span style=\"color: #333333;\">La aventura contin\u00faa!<\/span><br \/>\n<span style=\"color: #333333;\">-hospedaje y restaurante\u00a0<\/span><br \/>\n<span style=\"color: #333333;\">-vuelo en parapente<\/span><br \/>\n<span style=\"color: #333333;\">-paquetes con fotograf\u00edas profesional<\/span><\/h3>\n<h3><span style=\"color: #ff6600;\">&#x1f4cd; <\/span><span style=\"color: #ff6600;\">UBICACION:<br \/>\n<\/span><span style=\"color: #333333;\">Estamos ubicados a 50 min aprox de Cali.<\/span><br \/>\n<span style=\"color: #333333;\">25 minutos de palmira<\/span><br \/>\n<span style=\"color: #333333;\">Cerca a la hacienda el para\u00edso.<\/span><br \/>\n<span style=\"color: #333333;\">Puedes llegar en<\/span><br \/>\n<span style=\"color: #333333;\">\u2013 particular\u00a0<\/span><br \/>\n<span style=\"color: #333333;\">-Uber<\/span><br \/>\n<span style=\"color: #333333;\">-Transporte p\u00fablico\u00a0<\/span><\/h3>\n<\/blockquote>\n<\/blockquote>\n<\/blockquote>\n<p>[\/vc_column_text][\/vc_column][\/vc_row][vc_row][vc_column][vc_column_text]<\/p>\n<h1><span style=\"color: #333333;\"><strong>HOSPEDAJE CON CENA ROMANTICA<\/strong><\/span><\/h1>\n<p>[\/vc_column_text][\/vc_column][\/vc_row][vc_row][vc_column width=&#8221;1\/3&#8243;][vc_single_image image=&#8221;10010&#8243; img_size=&#8221;full&#8221; onclick=&#8221;link_image&#8221;][\/vc_column][vc_column width=&#8221;2\/3&#8243;][vc_column_text css=&#8221;.vc_custom_1678726739179{background-color: #fff023 !important;}&#8221;]<\/p>\n<blockquote>\n<blockquote>\n<h3><span style=\"color: #333333;\"><strong>PAQUETE HOSPEDAJE CON CENA ROMANTICA\u00a0<\/strong><\/span><\/h3>\n<p>&#8211; hospedaje en Dedalos fly house para 2 personas<\/p>\n<p>&#8211; alimentaci\u00f3n completa para 2 personas<br \/>\n\u2022 &#x1f37d;cena especial con plato fuerte y bebida<br \/>\n\u2022desayuno<br \/>\n\u2022almuerzo<\/p>\n<p>&#8211; Decoraci\u00f3n opcion 1 : mesa con flores enredaderas colgando de la pared con luces c\u00e1lidas, candelabros, velitas y portaretrato.(enviar fotico)<\/p>\n<p>&#8211; Decoraci\u00f3n opcion 2 con globitos.<\/p>\n<p>Valor del paquete: <strong>$424.000<\/strong><\/p>\n<p>&#x2705; servicio adicional de cuatrimoto las mismas opciones de hospedaje con cena especial + 1 tour en cuatrimoto para 1 parejita<br \/>\n(1 moto)<\/p>\n<p>Valor del paquete :<strong> 634.000<\/strong><\/p>\n<p>con 2 motos: <strong>844.000<\/strong><\/p>\n<p>&#x2705; servicio adicional de parapente las mismas opciones de hospedaje con cena especial + 1 vuelo en parapente<\/p>\n<p>Valor del paquete: <strong>579.000<\/strong><\/p>\n<p>Con 2 vuelos<\/p>\n<p>Valor del paquete : <strong>724.000<\/strong><\/p><\/blockquote>\n<\/blockquote>\n<p>[\/vc_column_text][\/vc_column][\/vc_row][vc_row full_width=&#8221;stretch_row&#8221; bg_type=&#8221;image&#8221; parallax_style=&#8221;vcpb-vz-jquery&#8221; bg_image_new=&#8221;id^9621|url^http:\/\/cuatriaventura.co\/1\/wp-content\/uploads\/2021\/04\/blackout-1.png|caption^null|alt^null|title^blackout|description^null&#8221; css=&#8221;.vc_custom_1618419942437{padding-top: 100px !important;padding-bottom: 100px !important;}&#8221; animation_type=&#8221;h&#8221; horizontal_animation=&#8221;left-animation&#8221; vertical_animation=&#8221;top-animation&#8221; disable_on_mobile=&#8221;disable_on_mobile_value&#8221;][vc_column width=&#8221;1\/6&#8243;][\/vc_column][vc_column css_animation=&#8221;slideInUp&#8221; width=&#8221;2\/3&#8243;]<div class=\"ult-animation  ult-animate-viewport  ult-no-mobile \" data-animate=\"pulse\" data-animation-delay=\"0.5\" data-animation-duration=\"0.5\" data-animation-iteration=\"1\" style=\"opacity:0;\" data-opacity_start_effect=\"\"><div id=\"ultimate-heading-406569f712beb519c\" class=\"uvc-heading ult-adjust-bottom-margin ultimate-heading-406569f712beb519c uvc-6425 \" data-hspacer=\"line_only\"  data-halign=\"center\" style=\"text-align:center\"><div class=\"uvc-main-heading ult-responsive\"  data-ultimate-target='.uvc-heading.ultimate-heading-406569f712beb519c h2'  data-responsive-json-new='{\"font-size\":\"desktop:14px;\",\"line-height\":\"\"}' ><h2 style=\"font-family:&#039;Open Sans&#039;;font-weight:normal;font-style:normal;color:#ffffff;\">INFORMACI\u00d3N DE CONTACTO<\/h2><\/div><div class=\"uvc-heading-spacer line_only\" style=\"margin-top:10px;margin-bottom:10px;height:2px;\"><span class=\"uvc-headings-line\" style=\"border-style:solid;border-bottom-width:2px;border-color:#eaeaea;width:90px;\"><\/span><\/div><div class=\"uvc-sub-heading ult-responsive\"  data-ultimate-target='.uvc-heading.ultimate-heading-406569f712beb519c .uvc-sub-heading '  data-responsive-json-new='{\"font-size\":\"desktop:36px;\",\"line-height\":\"\"}'  style=\"font-family:&#039;Open Sans&#039;;font-weight:700;color:#ffffff;\">\u00a1CONECTATE CON CUATRIAVENTURA!<\/div><\/div><div class=\"ult-spacer spacer-69f712beb51fd\" data-id=\"69f712beb51fd\" data-height=\"35\" data-height-mobile=\"35\" data-height-tab=\"35\" data-height-tab-portrait=\"\" data-height-mobile-landscape=\"\" style=\"clear:both;display:block;\"><\/div><\/div>[vc_row_inner][vc_column_inner width=&#8221;1\/3&#8243;]<div class=\"ult-animation  ult-animate-viewport  ult-no-mobile \" data-animate=\"pulse\" data-animation-delay=\"0.2\" data-animation-duration=\"0.7\" data-animation-iteration=\"3\" style=\"opacity:0;\" data-opacity_start_effect=\"\"><div class=\"ult-just-icon-wrapper  \"><div class=\"align-icon\" style=\"text-align:center;\">\n<a class=\"aio-tooltip 69f712beb6c97\" href=\"#\"  data-toggle=\"tooltip\" data-placement=\"\"><div class=\"aio-icon none \" data-animation=\"pulse\" data-animation-delay=\"03\" style=\"color:#ffffff;font-size:60px;display:inline-block;\">\n\t<i class=\"Defaults-envelope\"><\/i>\n<\/div><\/a><\/div><\/div><div id=\"ultimate-heading-150669f712beb6e1f\" class=\"uvc-heading ult-adjust-bottom-margin ultimate-heading-150669f712beb6e1f uvc-3149 \" data-hspacer=\"no_spacer\"  data-halign=\"center\" style=\"text-align:center\"><div class=\"uvc-heading-spacer no_spacer\" style=\"top\"><\/div><div class=\"uvc-main-heading ult-responsive\"  data-ultimate-target='.uvc-heading.ultimate-heading-150669f712beb6e1f h2'  data-responsive-json-new='{\"font-size\":\"desktop:16px;\",\"line-height\":\"\"}' ><h2 style=\"font-family:&#039;Open Sans&#039;;font-weight:700;color:#ffffff;margin-top:20px;margin-bottom:15px;\">contacto@cuatriaventura.co<\/h2><\/div><div class=\"uvc-sub-heading ult-responsive\"  data-ultimate-target='.uvc-heading.ultimate-heading-150669f712beb6e1f .uvc-sub-heading '  data-responsive-json-new='{\"font-size\":\"desktop:17px;\",\"line-height\":\"\"}'  style=\"font-family:&#039;Open Sans&#039;;font-weight:300;color:#ffffff;margin-top:15px;margin-bottom:20px;\">Correo Electr\u00f3nico<\/div><\/div><\/div>[\/vc_column_inner][vc_column_inner width=&#8221;1\/3&#8243;]<div class=\"ult-animation  ult-animate-viewport  ult-no-mobile \" data-animate=\"pulse\" data-animation-delay=\"0.2\" data-animation-duration=\"0.7\" data-animation-iteration=\"3\" style=\"opacity:0;\" data-opacity_start_effect=\"\"><div class=\"ult-just-icon-wrapper  \"><div class=\"align-icon\" style=\"text-align:center;\">\n<a class=\"aio-tooltip 69f712beb6eec\" href=\"#\"  data-toggle=\"tooltip\" data-placement=\"\"><div class=\"aio-icon none \" data-animation=\"pulse\" data-animation-delay=\"03\" style=\"color:#ffffff;font-size:60px;display:inline-block;\">\n\t<i class=\"Defaults-tablet\"><\/i>\n<\/div><\/a><\/div><\/div><div id=\"ultimate-heading-930669f712beb6f23\" class=\"uvc-heading ult-adjust-bottom-margin ultimate-heading-930669f712beb6f23 uvc-1937 \" data-hspacer=\"no_spacer\"  data-halign=\"center\" style=\"text-align:center\"><div class=\"uvc-heading-spacer no_spacer\" style=\"top\"><\/div><div class=\"uvc-main-heading ult-responsive\"  data-ultimate-target='.uvc-heading.ultimate-heading-930669f712beb6f23 h2'  data-responsive-json-new='{\"font-size\":\"desktop:16px;\",\"line-height\":\"\"}' ><h2 style=\"font-family:&#039;Open Sans&#039;;font-weight:700;color:#ffffff;margin-top:20px;margin-bottom:15px;\">316 7594170<\/h2><\/div><div class=\"uvc-sub-heading ult-responsive\"  data-ultimate-target='.uvc-heading.ultimate-heading-930669f712beb6f23 .uvc-sub-heading '  data-responsive-json-new='{\"font-size\":\"desktop:17px;\",\"line-height\":\"\"}'  style=\"font-family:&#039;Open Sans&#039;;font-weight:300;color:#ffffff;margin-top:15px;margin-bottom:20px;\">T\u00e9lefono<\/div><\/div><\/div>[\/vc_column_inner][vc_column_inner width=&#8221;1\/3&#8243;]<div class=\"ult-animation  ult-animate-viewport  ult-no-mobile \" data-animate=\"pulse\" data-animation-delay=\"0.2\" data-animation-duration=\"0.7\" data-animation-iteration=\"3\" style=\"opacity:0;\" data-opacity_start_effect=\"\"><div class=\"ult-just-icon-wrapper  \"><div class=\"align-icon\" style=\"text-align:center;\">\n<a class=\"aio-tooltip 69f712beb6fbe\" href=\"#\"  data-toggle=\"tooltip\" data-placement=\"\"><div class=\"aio-icon none \" data-animation=\"pulse\" data-animation-delay=\"03\" style=\"color:#ffffff;font-size:60px;display:inline-block;\">\n\t<i class=\"Defaults-bank institution university\"><\/i>\n<\/div><\/a><\/div><\/div><div id=\"ultimate-heading-812969f712beb6feb\" class=\"uvc-heading ult-adjust-bottom-margin ultimate-heading-812969f712beb6feb uvc-685 \" data-hspacer=\"no_spacer\"  data-halign=\"center\" style=\"text-align:center\"><div class=\"uvc-heading-spacer no_spacer\" style=\"top\"><\/div><div class=\"uvc-main-heading ult-responsive\"  data-ultimate-target='.uvc-heading.ultimate-heading-812969f712beb6feb h2'  data-responsive-json-new='{\"font-size\":\"desktop:16px;\",\"line-height\":\"\"}' ><h2 style=\"font-family:&#039;Open Sans&#039;;font-weight:700;color:#ffffff;margin-top:20px;margin-bottom:15px;\">Pomo, Cerrito a 2 km de la Hacienda el Para\u00edso<\/h2><\/div><div class=\"uvc-sub-heading ult-responsive\"  data-ultimate-target='.uvc-heading.ultimate-heading-812969f712beb6feb .uvc-sub-heading '  data-responsive-json-new='{\"font-size\":\"desktop:17px;\",\"line-height\":\"\"}'  style=\"font-family:&#039;Open Sans&#039;;font-weight:300;color:#ffffff;margin-top:15px;margin-bottom:20px;\">Ubicaci\u00f3n<\/div><\/div><\/div>[\/vc_column_inner][\/vc_row_inner][\/vc_column][vc_column width=&#8221;1\/6&#8243;][\/vc_column][\/vc_row][vc_row][vc_column][vc_column_text]<\/p>\n<h1><span style=\"color: #333333;\">AQU\u00cd ESTAMOS (<a href=\"https:\/\/www.google.com\/maps\/place\/Restaurante+Dedalos+-+Sede+Good+Fly+Parapente\/@3.6239201,-76.202555,15z\/data=!4m5!3m4!1s0x0:0x73442382279b3fde!8m2!3d3.6234782!4d-76.194402?hl=es-419\">clic aqu\u00ed para ampliar<\/a>)<\/span><\/h1>\n<p>[\/vc_column_text][vc_gmaps link=&#8221;#E-8_JTNDaWZyYW1lJTIwc3JjJTNEJTIyaHR0cHMlM0ElMkYlMkZ3d3cuZ29vZ2xlLmNvbSUyRm1hcHMlMkZlbWJlZCUzRnBiJTNEJTIxMW0xNCUyMTFtOCUyMTFtMyUyMTFkMzE4NTQuNzM1OTQ1MTYwOTM3JTIxMmQtNzYuMjExOTUzODI5NjUyNjclMjEzZDMuNjIzNTU1NTk5OTk5OTg5OCUyMTNtMiUyMTFpMTAyNCUyMTJpNzY4JTIxNGYxMy4xJTIxM20zJTIxMW0yJTIxMXMweDAlMjUzQTB4MCUyMTJ6TThLd016Y25NalF1T0NKT0lEYzJ3ckF4TVNjME1DNHdJbGMlMjE1ZTAlMjEzbTIlMjExc2VzLTQxOSUyMTJzY28lMjE0djE2MTg0NTM4MzE0MzglMjE1bTIlMjExc2VzLTQxOSUyMTJzY28lMjIlMjB3aWR0aCUzRCUyMjYwMCUyMiUyMGhlaWdodCUzRCUyMjQ1MCUyMiUyMHN0eWxlJTNEJTIyYm9yZGVyJTNBMCUzQiUyMiUyMGFsbG93ZnVsbHNjcmVlbiUzRCUyMiUyMiUyMGxvYWRpbmclM0QlMjJsYXp5JTIyJTNFJTNDJTJGaWZyYW1lJTNF&#8221; size=&#8221;300px&#8221; css_animation=&#8221;appear&#8221;][\/vc_column][\/vc_row]<\/p>\n","protected":false},"excerpt":{"rendered":"<p>[vc_row][vc_column][vc_gallery type=&#8221;image_grid&#8221; images=&#8221;9674,9673,9672,9671,9670,9669,9668,9665,9664,9663,9662,9661,10396,10395&#8243; img_size=&#8221;160&#215;165&#8243;][\/vc_column][\/vc_row][vc_row][vc_column][vc_column_text] Es una escapada perfecta a una vida campestre, para explorar nuevos estilos de vida y sentir nuevas experiencias. Un ambiente rodeado de naturaleza y tranquilidad, con vista al valle y una pista de aterrizaje de viajes en parapente que lo hacen un lugar \u00fanico y lleno de experiencias. En este acogedor [&hellip;]<\/p>\n","protected":false},"author":1,"featured_media":0,"parent":0,"menu_order":0,"comment_status":"closed","ping_status":"closed","template":"","meta":{"footnotes":""},"class_list":["post-9659","page","type-page","status-publish","hentry"],"_links":{"self":[{"href":"https:\/\/cuatriaventura.co\/1\/index.php?rest_route=\/wp\/v2\/pages\/9659","targetHints":{"allow":["GET"]}}],"collection":[{"href":"https:\/\/cuatriaventura.co\/1\/index.php?rest_route=\/wp\/v2\/pages"}],"about":[{"href":"https:\/\/cuatriaventura.co\/1\/index.php?rest_route=\/wp\/v2\/types\/page"}],"author":[{"embeddable":true,"href":"https:\/\/cuatriaventura.co\/1\/index.php?rest_route=\/wp\/v2\/users\/1"}],"replies":[{"embeddable":true,"href":"https:\/\/cuatriaventura.co\/1\/index.php?rest_route=%2Fwp%2Fv2%2Fcomments&post=9659"}],"version-history":[{"count":27,"href":"https:\/\/cuatriaventura.co\/1\/index.php?rest_route=\/wp\/v2\/pages\/9659\/revisions"}],"predecessor-version":[{"id":10399,"href":"https:\/\/cuatriaventura.co\/1\/index.php?rest_route=\/wp\/v2\/pages\/9659\/revisions\/10399"}],"wp:attachment":[{"href":"https:\/\/cuatriaventura.co\/1\/index.php?rest_route=%2Fwp%2Fv2%2Fmedia&parent=9659"}],"curies":[{"name":"wp","href":"https:\/\/api.w.org\/{rel}","templated":true}]}}