{"id":9579,"date":"2021-04-14T15:38:13","date_gmt":"2021-04-14T15:38:13","guid":{"rendered":"http:\/\/cuatriaventura.co\/1\/?page_id=9579"},"modified":"2026-03-04T23:24:33","modified_gmt":"2026-03-04T23:24:33","slug":"tour-en-cuatrimoto","status":"publish","type":"page","link":"https:\/\/cuatriaventura.co\/1\/?page_id=9579","title":{"rendered":"Tours en CuatriMoto"},"content":{"rendered":"<p>[vc_row][vc_column][vc_gallery type=&#8221;image_grid&#8221; images=&#8221;9587,9585,9938,9593,10393,10392,10391,10390,10389,10388,10387,10386,9588,9589&#8243; img_size=&#8221;160&#215;165&#8243;][\/vc_column][\/vc_row][vc_row][vc_column][vc_column_text]<\/p>\n<h3><span style=\"color: #333333;\"><strong>Vive la m\u00e1s grande Aventura!<\/strong><\/span><\/h3>\n<h3><span style=\"color: #333333;\">Nuestros Tours son realizados por zonas campestres, bosques y ca\u00f1ales en donde encontraremos, terreno escarpados, carreteras destapadas, zonas rocosas, mucho lodo, riveras de Rios y mucho Mas.<\/span><\/h3>\n<h3><span style=\"color: #333333;\">INCLUYE<\/span><\/h3>\n<h3><span style=\"color: #333333;\">&#x2705;\u00a0Inducci\u00f3n para conducci\u00f3n de cuatrimotos.<br \/>\n&#x2705; Cuatrimotos.<br \/>\n&#x2705; P\u00f3liza de Seguro para la aventura.<br \/>\n&#x2705; Gu\u00eda Experto de la Regi\u00f3n.<br \/>\n&#x2705; Parqueadero privado<br \/>\n&#x2705; Protecciones<\/span><\/h3>\n<h3><span style=\"color: #333333;\">Los cilindraje de las motos son variados.<\/span><\/h3>\n<h3><span style=\"color: #333333;\">NOTA: las motos mecanicas con cambios deben ser conducidas por personas con experiencia en las mismas.<\/span><\/h3>\n<h3><span style=\"color: #333333;\">En cada moto puede viajar hasta 2 personas .<\/span><\/h3>\n<h3><span style=\"color: #333333;\">pregunta por nuestro paquete cumplea\u00f1ero y enamorados\u00a0<\/span><\/h3>\n<h3><span style=\"color: #333333;\">&#x1f530; DURACI\u00d3N<\/span><br \/>\n<span style=\"color: #333333;\">El recorrido dura aproxidamente 1 hora<\/span><\/h3>\n<h3><\/h3>\n<h3><span style=\"color: #333333;\">&#x1f530; REQUISITOS* &#x1f9fe;<\/span><\/h3>\n<h3><span style=\"color: #333333;\">&#x1f505; 1 .tener experiencia en conducir moto<\/span><br \/>\n<span style=\"color: #333333;\">&#x1f505; 2 tener experiencia en conducir moto con cambios y clutch<\/span><br \/>\n<span style=\"color: #333333;\">&#x1f505; 3 ser adulto para conducir el veh\u00edculo<\/span><\/h3>\n<p>[\/vc_column_text][\/vc_column][\/vc_row][vc_row][vc_column][vc_column_text]<\/p>\n<h1><span style=\"color: #333333;\"><strong>TARIFAS<\/strong><\/span><\/h1>\n<p>[\/vc_column_text][\/vc_column][\/vc_row][vc_row][vc_column width=&#8221;1\/2&#8243;][vc_column_text css=&#8221;.vc_custom_1771431171723{background-color: #f2f2f2 !important;}&#8221;]<\/p>\n<blockquote>\n<h1><strong><span style=\"color: #ff6600;\">1 HORA: <\/span><span style=\"color: #333333;\">$240.000 Pesos<\/span><\/strong><\/h1>\n<\/blockquote>\n<hr \/>\n<h2><\/h2>\n<p>[\/vc_column_text][vc_column_text css=&#8221;.vc_custom_1771431176472{background-color: #f2f2f2 !important;}&#8221;]<\/p>\n<blockquote>\n<h1><strong><span style=\"color: #ff6600;\">1 HORA Y 30 Minutos: <\/span><span style=\"color: #333333;\">$330.000 Pesos<\/span><\/strong><\/h1>\n<\/blockquote>\n<hr \/>\n<h2><\/h2>\n<p>[\/vc_column_text][\/vc_column][vc_column width=&#8221;1\/2&#8243;][vc_column_text css=&#8221;.vc_custom_1771431188946{background-color: #f2f2f2 !important;}&#8221;]<\/p>\n<blockquote>\n<h1><strong><span style=\"color: #ff6600;\">2 HORAS: <\/span><span style=\"color: #333333;\">$420.000 Pesos<\/span><\/strong><\/h1>\n<\/blockquote>\n<hr \/>\n<h2><\/h2>\n<p>[\/vc_column_text][\/vc_column][\/vc_row][vc_row][vc_column][vc_column_text]<\/p>\n<h1><span style=\"color: #333333;\"><strong>RESERVA YA<\/strong><\/span><\/h1>\n<p>[\/vc_column_text][\/vc_column][\/vc_row][vc_row][vc_column width=&#8221;1\/2&#8243;][vc_column_text css=&#8221;.vc_custom_1714410260572{background-color: #f2f2f2 !important;}&#8221;]<\/p>\n<blockquote>\n<h3><span style=\"color: #ffff00;\">&#x1f5d3; <span style=\"color: #ff6600;\">PROCESO DE RESERVA:<\/span><\/span><br \/>\n<span style=\"color: #333333;\">Para realizar la actividad se debe realizar la reserva con antelaci\u00f3n, ya que contamos con una log\u00edstica previa y tenemos una capacidad de cupos para cada turno.<\/span><\/h3>\n<h3><span style=\"color: #ff6600;\">&#x1f4d2; <\/span><span style=\"color: #ff6600;\">COMO APARTO MI CUPO<\/span><br \/>\n<span style=\"color: #333333;\">es s\u00faper f\u00e1cil!!<\/span><br \/>\n<span style=\"color: #333333;\">Verificamos disponibilidad de la fecha<\/span><br \/>\n<span style=\"color: #333333;\">Una vez confirmemos, Solo debes hacer el pago del 100% de la actividad a nuestra cuenta bancaria.<\/span><\/h3>\n<h3><span style=\"color: #333333;\">&#x1f4b3; Cuentas y Medios de Pago:<\/span><br \/>\n-Bancolombia<br \/>\n-Nequi<br \/>\n-Banco de Bogot\u00e1<br \/>\n-Davivienda.<\/h3>\n<p><strong><em><span style=\"color: #333333;\">Nos env\u00edas una foto del comprobante y listo!<\/span><\/em><\/strong><br \/>\n<strong><span style=\"color: #333333;\"><em>Te enviamos un pasabordo donde encontrar\u00e1s<\/em> toda la informaci\u00f3n que debes tener en cuanta.<\/span><\/strong><\/p><\/blockquote>\n<p>[\/vc_column_text][\/vc_column][vc_column width=&#8221;1\/2&#8243;][vc_column_text css=&#8221;.vc_custom_1621350583919{background-color: #f2f2f2 !important;}&#8221;]<\/p>\n<blockquote>\n<h3><span style=\"color: #333333;\">&#x1fa82; <\/span><span style=\"color: #ff6600;\">QUE MAS HAY PA\u2019 HACER:<\/span><br \/>\n<span style=\"color: #333333;\">La aventura contin\u00faa!<\/span><br \/>\n<span style=\"color: #333333;\">-hospedaje y restaurante\u00a0<\/span><br \/>\n<span style=\"color: #333333;\">-vuelo en parapente<\/span><br \/>\n<span style=\"color: #333333;\">-paquetes con fotograf\u00edas profesional<\/span><\/h3>\n<h3><span style=\"color: #ff6600;\">&#x1f4cd; <\/span><span style=\"color: #ff6600;\">UBICACION:<br \/>\n<\/span><span style=\"color: #333333;\">Estamos ubicados a 50 min aprox de Cali.<\/span><br \/>\n<span style=\"color: #333333;\">25 minutos de palmira<\/span><br \/>\n<span style=\"color: #333333;\">Cerca a la hacienda el para\u00edso.<\/span><br \/>\n<span style=\"color: #333333;\">Puedes llegar en<\/span><br \/>\n<span style=\"color: #333333;\">\u2013 particular\u00a0<\/span><br \/>\n<span style=\"color: #333333;\">-Uber<\/span><br \/>\n<span style=\"color: #333333;\">-Transporte p\u00fablico\u00a0<\/span><\/h3>\n<\/blockquote>\n<p>[\/vc_column_text][\/vc_column][\/vc_row][vc_row][vc_column][vc_column_text]<\/p>\n<h1><span style=\"color: #333333;\"><strong>PAQUETE CUMPLEA\u00d1ERO<\/strong><\/span><\/h1>\n<p>[\/vc_column_text][\/vc_column][\/vc_row][vc_row][vc_column width=&#8221;1\/3&#8243;][vc_single_image image=&#8221;10077&#8243; img_size=&#8221;full&#8221; onclick=&#8221;link_image&#8221;][\/vc_column][vc_column width=&#8221;2\/3&#8243;][vc_column_text css=&#8221;.vc_custom_1772666671958{background-color: #427011 !important;}&#8221;]<\/p>\n<blockquote>\n<blockquote>\n<h4><strong><span style=\"color: #000000;\">PAQUETE CUMPLEA\u00d1ERO &#x1f38a;&#x1f382;&#x1f388;<\/span><\/strong><\/h4>\n<h4>&#x2705;<span style=\"color: #000000;\"><strong> 1 recorrido en cuatrimoto<\/strong> (para 1 o 2 personas en una moto)<\/span><span style=\"color: #000000;\"><br \/>\n<\/span>&#x2705;<span style=\"color: #000000;\"><strong> Decoraci\u00f3n<\/strong> de mesa con globitos y cristales<br \/>\n<\/span><span style=\"color: #333333;\">&#x2705; 2 almuerzos men\u00fa del d\u00eda.<\/span><\/h4>\n<h3><span style=\"color: #333333;\">Valor del paquete $ 370.000<\/span><\/h3>\n<p><strong>PAQUETE COMPARTIDO: <\/strong><br \/>\nlas mismas opciones + 1 cuatrimoto adicional<\/p>\n<p><strong>Valor del paquete: 590.000<\/strong><\/p>\n<p><strong>NOTA<\/strong> este paquete es para la recepci\u00f3n de 2 personas.<br \/>\nSi son m\u00e1s de 2 personas la decoraci\u00f3n cambiar\u00eda de locaci\u00f3n y de dise\u00f1o. ( se realizar\u00eda en la parte del restaurante)<\/p>\n<p><strong>Opci\u00f3nal<\/strong> : puedes a\u00f1adirle a tu paquete una torta casera de banano y queso &#x1f967; o una botella de vino tinto de la regi\u00f3n &#x1f37e;por $ 35.000 adicionales a tu paquete.<\/p>\n<h4><span style=\"color: #000000;\">\u00a0<\/span><\/h4>\n<\/blockquote>\n<\/blockquote>\n<p>[\/vc_column_text][\/vc_column][\/vc_row][vc_row full_width=&#8221;stretch_row&#8221; bg_type=&#8221;image&#8221; parallax_style=&#8221;vcpb-vz-jquery&#8221; bg_image_new=&#8221;id^9621|url^http:\/\/cuatriaventura.co\/1\/wp-content\/uploads\/2021\/04\/blackout-1.png|caption^null|alt^null|title^blackout|description^null&#8221; css=&#8221;.vc_custom_1618419942437{padding-top: 100px !important;padding-bottom: 100px !important;}&#8221; animation_type=&#8221;h&#8221; horizontal_animation=&#8221;left-animation&#8221; vertical_animation=&#8221;top-animation&#8221; disable_on_mobile=&#8221;disable_on_mobile_value&#8221;][vc_column width=&#8221;1\/6&#8243;][\/vc_column][vc_column css_animation=&#8221;slideInUp&#8221; width=&#8221;2\/3&#8243;]<div class=\"ult-animation  ult-animate-viewport  ult-no-mobile \" data-animate=\"pulse\" data-animation-delay=\"0.5\" data-animation-duration=\"0.5\" data-animation-iteration=\"1\" style=\"opacity:0;\" data-opacity_start_effect=\"\"><div id=\"ultimate-heading-857969f3c22ddffc9\" class=\"uvc-heading ult-adjust-bottom-margin ultimate-heading-857969f3c22ddffc9 uvc-3088 \" data-hspacer=\"line_only\"  data-halign=\"center\" style=\"text-align:center\"><div class=\"uvc-main-heading ult-responsive\"  data-ultimate-target='.uvc-heading.ultimate-heading-857969f3c22ddffc9 h2'  data-responsive-json-new='{\"font-size\":\"desktop:14px;\",\"line-height\":\"\"}' ><h2 style=\"font-family:&#039;Open Sans&#039;;font-weight:normal;font-style:normal;color:#ffffff;\">INFORMACI\u00d3N DE CONTACTO<\/h2><\/div><div class=\"uvc-heading-spacer line_only\" style=\"margin-top:10px;margin-bottom:10px;height:2px;\"><span class=\"uvc-headings-line\" style=\"border-style:solid;border-bottom-width:2px;border-color:#eaeaea;width:90px;\"><\/span><\/div><div class=\"uvc-sub-heading ult-responsive\"  data-ultimate-target='.uvc-heading.ultimate-heading-857969f3c22ddffc9 .uvc-sub-heading '  data-responsive-json-new='{\"font-size\":\"desktop:36px;\",\"line-height\":\"\"}'  style=\"font-family:&#039;Open Sans&#039;;font-weight:700;color:#ffffff;\">\u00a1CONECTATE CON CUATRIAVENTURA!<\/div><\/div><div class=\"ult-spacer spacer-69f3c22de001e\" data-id=\"69f3c22de001e\" data-height=\"35\" data-height-mobile=\"35\" data-height-tab=\"35\" data-height-tab-portrait=\"\" data-height-mobile-landscape=\"\" style=\"clear:both;display:block;\"><\/div><\/div>[vc_row_inner][vc_column_inner width=&#8221;1\/3&#8243;]<div class=\"ult-animation  ult-animate-viewport  ult-no-mobile \" data-animate=\"pulse\" data-animation-delay=\"0.2\" data-animation-duration=\"0.7\" data-animation-iteration=\"3\" style=\"opacity:0;\" data-opacity_start_effect=\"\"><div class=\"ult-just-icon-wrapper  \"><div class=\"align-icon\" style=\"text-align:center;\">\n<a class=\"aio-tooltip 69f3c22de00d9\" href=\"#\"  data-toggle=\"tooltip\" data-placement=\"\"><div class=\"aio-icon none \" data-animation=\"pulse\" data-animation-delay=\"03\" style=\"color:#ffffff;font-size:60px;display:inline-block;\">\n\t<i class=\"Defaults-envelope\"><\/i>\n<\/div><\/a><\/div><\/div><div id=\"ultimate-heading-731069f3c22de0120\" class=\"uvc-heading ult-adjust-bottom-margin ultimate-heading-731069f3c22de0120 uvc-7623 \" data-hspacer=\"no_spacer\"  data-halign=\"center\" style=\"text-align:center\"><div class=\"uvc-heading-spacer no_spacer\" style=\"top\"><\/div><div class=\"uvc-main-heading ult-responsive\"  data-ultimate-target='.uvc-heading.ultimate-heading-731069f3c22de0120 h2'  data-responsive-json-new='{\"font-size\":\"desktop:16px;\",\"line-height\":\"\"}' ><h2 style=\"font-family:&#039;Open Sans&#039;;font-weight:700;color:#ffffff;margin-top:20px;margin-bottom:15px;\">contacto@cuatriaventura.co<\/h2><\/div><div class=\"uvc-sub-heading ult-responsive\"  data-ultimate-target='.uvc-heading.ultimate-heading-731069f3c22de0120 .uvc-sub-heading '  data-responsive-json-new='{\"font-size\":\"desktop:17px;\",\"line-height\":\"\"}'  style=\"font-family:&#039;Open Sans&#039;;font-weight:300;color:#ffffff;margin-top:15px;margin-bottom:20px;\">Correo Electr\u00f3nico<\/div><\/div><\/div>[\/vc_column_inner][vc_column_inner width=&#8221;1\/3&#8243;]<div class=\"ult-animation  ult-animate-viewport  ult-no-mobile \" data-animate=\"pulse\" data-animation-delay=\"0.2\" data-animation-duration=\"0.7\" data-animation-iteration=\"3\" style=\"opacity:0;\" data-opacity_start_effect=\"\"><div class=\"ult-just-icon-wrapper  \"><div class=\"align-icon\" style=\"text-align:center;\">\n<a class=\"aio-tooltip 69f3c22de0198\" href=\"#\"  data-toggle=\"tooltip\" data-placement=\"\"><div class=\"aio-icon none \" data-animation=\"pulse\" data-animation-delay=\"03\" style=\"color:#ffffff;font-size:60px;display:inline-block;\">\n\t<i class=\"Defaults-tablet\"><\/i>\n<\/div><\/a><\/div><\/div><div id=\"ultimate-heading-420469f3c22de01bc\" class=\"uvc-heading ult-adjust-bottom-margin ultimate-heading-420469f3c22de01bc uvc-4224 \" data-hspacer=\"no_spacer\"  data-halign=\"center\" style=\"text-align:center\"><div class=\"uvc-heading-spacer no_spacer\" style=\"top\"><\/div><div class=\"uvc-main-heading ult-responsive\"  data-ultimate-target='.uvc-heading.ultimate-heading-420469f3c22de01bc h2'  data-responsive-json-new='{\"font-size\":\"desktop:16px;\",\"line-height\":\"\"}' ><h2 style=\"font-family:&#039;Open Sans&#039;;font-weight:700;color:#ffffff;margin-top:20px;margin-bottom:15px;\">+57 323 5062036<\/h2><\/div><div class=\"uvc-sub-heading ult-responsive\"  data-ultimate-target='.uvc-heading.ultimate-heading-420469f3c22de01bc .uvc-sub-heading '  data-responsive-json-new='{\"font-size\":\"desktop:17px;\",\"line-height\":\"\"}'  style=\"font-family:&#039;Open Sans&#039;;font-weight:300;color:#ffffff;margin-top:15px;margin-bottom:20px;\">T\u00e9lefono<\/div><\/div><\/div>[\/vc_column_inner][vc_column_inner width=&#8221;1\/3&#8243;]<div class=\"ult-animation  ult-animate-viewport  ult-no-mobile \" data-animate=\"pulse\" data-animation-delay=\"0.2\" data-animation-duration=\"0.7\" data-animation-iteration=\"3\" style=\"opacity:0;\" data-opacity_start_effect=\"\"><div class=\"ult-just-icon-wrapper  \"><div class=\"align-icon\" style=\"text-align:center;\">\n<a class=\"aio-tooltip 69f3c22de0219\" href=\"#\"  data-toggle=\"tooltip\" data-placement=\"\"><div class=\"aio-icon none \" data-animation=\"pulse\" data-animation-delay=\"03\" style=\"color:#ffffff;font-size:60px;display:inline-block;\">\n\t<i class=\"Defaults-bank institution university\"><\/i>\n<\/div><\/a><\/div><\/div><div id=\"ultimate-heading-939969f3c22de024e\" class=\"uvc-heading ult-adjust-bottom-margin ultimate-heading-939969f3c22de024e uvc-311 \" data-hspacer=\"no_spacer\"  data-halign=\"center\" style=\"text-align:center\"><div class=\"uvc-heading-spacer no_spacer\" style=\"top\"><\/div><div class=\"uvc-main-heading ult-responsive\"  data-ultimate-target='.uvc-heading.ultimate-heading-939969f3c22de024e h2'  data-responsive-json-new='{\"font-size\":\"desktop:16px;\",\"line-height\":\"\"}' ><h2 style=\"font-family:&#039;Open Sans&#039;;font-weight:700;color:#ffffff;margin-top:20px;margin-bottom:15px;\">Pomo, Cerrito a 2 km de la Hacienda el Para\u00edso<\/h2><\/div><div class=\"uvc-sub-heading ult-responsive\"  data-ultimate-target='.uvc-heading.ultimate-heading-939969f3c22de024e .uvc-sub-heading '  data-responsive-json-new='{\"font-size\":\"desktop:17px;\",\"line-height\":\"\"}'  style=\"font-family:&#039;Open Sans&#039;;font-weight:300;color:#ffffff;margin-top:15px;margin-bottom:20px;\">Ubicaci\u00f3n<\/div><\/div><\/div>[\/vc_column_inner][\/vc_row_inner][\/vc_column][vc_column width=&#8221;1\/6&#8243;][\/vc_column][\/vc_row][vc_row][vc_column offset=&#8221;vc_hidden-lg vc_hidden-md vc_hidden-sm vc_hidden-xs&#8221;][vc_column_text]<\/p>\n<h1><span style=\"color: #333333;\">AQU\u00cd ESTAMOS (<a href=\"https:\/\/www.google.com\/maps\/place\/Restaurante+Dedalos+-+Sede+Good+Fly+Parapente\/@3.6239201,-76.202555,15z\/data=!4m5!3m4!1s0x0:0x73442382279b3fde!8m2!3d3.6234782!4d-76.194402?hl=es-419\">clic aqu\u00ed para ampliar<\/a>)<\/span><\/h1>\n<p>[\/vc_column_text][vc_gmaps link=&#8221;#E-8_JTNDaWZyYW1lJTIwc3JjJTNEJTIyaHR0cHMlM0ElMkYlMkZ3d3cuZ29vZ2xlLmNvbSUyRm1hcHMlMkZlbWJlZCUzRnBiJTNEJTIxMW0xNCUyMTFtOCUyMTFtMyUyMTFkMzE4NTQuNzM1OTQ1MTYwOTM3JTIxMmQtNzYuMjExOTUzODI5NjUyNjclMjEzZDMuNjIzNTU1NTk5OTk5OTg5OCUyMTNtMiUyMTFpMTAyNCUyMTJpNzY4JTIxNGYxMy4xJTIxM20zJTIxMW0yJTIxMXMweDAlMjUzQTB4MCUyMTJ6TThLd016Y25NalF1T0NKT0lEYzJ3ckF4TVNjME1DNHdJbGMlMjE1ZTAlMjEzbTIlMjExc2VzLTQxOSUyMTJzY28lMjE0djE2MTg0NTM4MzE0MzglMjE1bTIlMjExc2VzLTQxOSUyMTJzY28lMjIlMjB3aWR0aCUzRCUyMjYwMCUyMiUyMGhlaWdodCUzRCUyMjQ1MCUyMiUyMHN0eWxlJTNEJTIyYm9yZGVyJTNBMCUzQiUyMiUyMGFsbG93ZnVsbHNjcmVlbiUzRCUyMiUyMiUyMGxvYWRpbmclM0QlMjJsYXp5JTIyJTNFJTNDJTJGaWZyYW1lJTNF&#8221; size=&#8221;300px&#8221; css_animation=&#8221;appear&#8221;][\/vc_column][\/vc_row]<\/p>\n","protected":false},"excerpt":{"rendered":"<p>[vc_row][vc_column][vc_gallery type=&#8221;image_grid&#8221; images=&#8221;9587,9585,9938,9593,10393,10392,10391,10390,10389,10388,10387,10386,9588,9589&#8243; img_size=&#8221;160&#215;165&#8243;][\/vc_column][\/vc_row][vc_row][vc_column][vc_column_text] Vive la m\u00e1s grande Aventura! Nuestros Tours son realizados por zonas campestres, bosques y ca\u00f1ales en donde encontraremos, terreno escarpados, carreteras destapadas, zonas rocosas, mucho lodo, riveras de Rios y mucho Mas. INCLUYE &#x2705;\u00a0Inducci\u00f3n para conducci\u00f3n de cuatrimotos. &#x2705; Cuatrimotos. &#x2705; P\u00f3liza de Seguro para la aventura. &#x2705; Gu\u00eda Experto de [&hellip;]<\/p>\n","protected":false},"author":1,"featured_media":0,"parent":0,"menu_order":0,"comment_status":"closed","ping_status":"closed","template":"","meta":{"footnotes":""},"class_list":["post-9579","page","type-page","status-publish","hentry"],"_links":{"self":[{"href":"https:\/\/cuatriaventura.co\/1\/index.php?rest_route=\/wp\/v2\/pages\/9579","targetHints":{"allow":["GET"]}}],"collection":[{"href":"https:\/\/cuatriaventura.co\/1\/index.php?rest_route=\/wp\/v2\/pages"}],"about":[{"href":"https:\/\/cuatriaventura.co\/1\/index.php?rest_route=\/wp\/v2\/types\/page"}],"author":[{"embeddable":true,"href":"https:\/\/cuatriaventura.co\/1\/index.php?rest_route=\/wp\/v2\/users\/1"}],"replies":[{"embeddable":true,"href":"https:\/\/cuatriaventura.co\/1\/index.php?rest_route=%2Fwp%2Fv2%2Fcomments&post=9579"}],"version-history":[{"count":74,"href":"https:\/\/cuatriaventura.co\/1\/index.php?rest_route=\/wp\/v2\/pages\/9579\/revisions"}],"predecessor-version":[{"id":10553,"href":"https:\/\/cuatriaventura.co\/1\/index.php?rest_route=\/wp\/v2\/pages\/9579\/revisions\/10553"}],"wp:attachment":[{"href":"https:\/\/cuatriaventura.co\/1\/index.php?rest_route=%2Fwp%2Fv2%2Fmedia&parent=9579"}],"curies":[{"name":"wp","href":"https:\/\/api.w.org\/{rel}","templated":true}]}}